{"id":46,"date":"2025-07-08T11:29:00","date_gmt":"2025-07-08T14:29:00","guid":{"rendered":"https:\/\/riberpoxi.com.br\/?page_id=46"},"modified":"2025-07-17T15:03:53","modified_gmt":"2025-07-17T18:03:53","slug":"quem-somos","status":"publish","type":"page","link":"https:\/\/riberpoxi.com.br\/index.php\/quem-somos\/","title":{"rendered":"quem somos"},"content":{"rendered":"\t\t<div data-elementor-type=\"wp-page\" data-elementor-id=\"46\" class=\"elementor elementor-46\" data-elementor-post-type=\"page\">\n\t\t\t\t\t\t<section class=\"elementor-section elementor-top-section elementor-element elementor-element-4565768 elementor-section-height-min-height elementor-section-items-bottom elementor-section-boxed elementor-section-height-default\" data-id=\"4565768\" data-element_type=\"section\" data-settings=\"{&quot;background_background&quot;:&quot;classic&quot;}\">\n\t\t\t\t\t\t\t<div class=\"elementor-background-overlay\"><\/div>\n\t\t\t\t\t\t\t<div class=\"elementor-container elementor-column-gap-default\">\n\t\t\t\t\t<div class=\"elementor-column elementor-col-100 elementor-top-column elementor-element elementor-element-754350f8\" data-id=\"754350f8\" data-element_type=\"column\">\n\t\t\t<div class=\"elementor-widget-wrap elementor-element-populated\">\n\t\t\t\t\t\t<div class=\"elementor-element elementor-element-78915ce elementor-widget elementor-widget-heading\" data-id=\"78915ce\" data-element_type=\"widget\" data-widget_type=\"heading.default\">\n\t\t\t\t\t<h2 class=\"elementor-heading-title elementor-size-default\">Somos a<br><b>RiberPoxi<\/b><\/h2>\t\t\t\t<\/div>\n\t\t\t\t<div class=\"elementor-element elementor-element-671b4780 elementor-widget elementor-widget-html\" data-id=\"671b4780\" data-element_type=\"widget\" data-widget_type=\"html.default\">\n\t\t\t\t\t        <div class=\"arrow-container\">\n            <div class=\"arrow-down\"><\/div>\n        <\/div>\t\t\t\t<\/div>\n\t\t\t\t\t<\/div>\n\t\t<\/div>\n\t\t\t\t\t<\/div>\n\t\t<\/section>\n\t\t\t\t<section class=\"elementor-section elementor-top-section elementor-element elementor-element-7e19bba0 elementor-section-height-min-height elementor-section-boxed elementor-section-height-default elementor-section-items-middle\" data-id=\"7e19bba0\" data-element_type=\"section\">\n\t\t\t\t\t\t\t<div class=\"elementor-background-overlay\"><\/div>\n\t\t\t\t\t\t\t<div class=\"elementor-container elementor-column-gap-default\">\n\t\t\t\t\t<div class=\"elementor-column elementor-col-100 elementor-top-column elementor-element elementor-element-fd3e97d\" data-id=\"fd3e97d\" data-element_type=\"column\">\n\t\t\t<div class=\"elementor-widget-wrap elementor-element-populated\">\n\t\t\t\t\t\t<div class=\"elementor-element elementor-element-298bccbd elementor-widget elementor-widget-text-editor\" data-id=\"298bccbd\" data-element_type=\"widget\" data-widget_type=\"text-editor.default\">\n\t\t\t\t\t\t\t\t\t<p>Na <b>RiberP\u00f3xi Pisos Industriais<\/b>, oferecemos mais do que aplica\u00e7\u00e3o de pisos \u2014 entregamos <b>solu\u00e7\u00f5es completas em revestimentos monol\u00edticos de alto desempenho<\/b>, com foco em qualidade, durabilidade e efici\u00eancia para ambientes industriais e corporativos.<\/p><p>Especializada na aplica\u00e7\u00e3o de <b>sistemas como Ep\u00f3xi e Uretano<\/b>, nossa atua\u00e7\u00e3o \u00e9 pautada pelo compromisso t\u00e9cnico, aten\u00e7\u00e3o aos detalhes e foco total na satisfa\u00e7\u00e3o do cliente. Contamos com uma equipe qualificada, pronta para atender projetos com diferentes n\u00edveis de complexidade e exig\u00eancia, sempre com excel\u00eancia na execu\u00e7\u00e3o.<\/p><p>Cada obra realizada pela <b>RiberP\u00f3xi Pisos Industriais<\/b> \u00e9 conduzida com olhar estrat\u00e9gico e personalizado, respeitando as caracter\u00edsticas e necessidades do ambiente \u2014 seja ele uma \u00e1rea de produ\u00e7\u00e3o com alto tr\u00e1fego, uma c\u00e2mara fria, laborat\u00f3rio, cozinha industrial ou espa\u00e7o corporativo.<\/p>\t\t\t\t\t\t\t\t<\/div>\n\t\t\t\t\t<\/div>\n\t\t<\/div>\n\t\t\t\t\t<\/div>\n\t\t<\/section>\n\t\t\t\t<section class=\"elementor-section elementor-top-section elementor-element elementor-element-2fded0fe elementor-section-boxed elementor-section-height-default elementor-section-height-default\" data-id=\"2fded0fe\" data-element_type=\"section\" data-settings=\"{&quot;background_background&quot;:&quot;classic&quot;}\">\n\t\t\t\t\t\t<div class=\"elementor-container elementor-column-gap-default\">\n\t\t\t\t\t<div class=\"elementor-column elementor-col-100 elementor-top-column elementor-element elementor-element-17fd6231\" data-id=\"17fd6231\" data-element_type=\"column\">\n\t\t\t<div class=\"elementor-widget-wrap elementor-element-populated\">\n\t\t\t\t\t\t<div class=\"elementor-element elementor-element-205b0420 elementor-widget elementor-widget-text-editor\" data-id=\"205b0420\" data-element_type=\"widget\" data-widget_type=\"text-editor.default\">\n\t\t\t\t\t\t\t\t\t<p><b>Tecnologia, seguran\u00e7a e desempenho: essa \u00e9 a base do nosso trabalho.&nbsp;<br><\/b><b>Seu piso, nosso compromisso com a qualidade.<\/b><\/p>\t\t\t\t\t\t\t\t<\/div>\n\t\t\t\t\t<\/div>\n\t\t<\/div>\n\t\t\t\t\t<\/div>\n\t\t<\/section>\n\t\t\t\t<section class=\"elementor-section elementor-top-section elementor-element elementor-element-78b90cc8 elementor-section-boxed elementor-section-height-default elementor-section-height-default\" data-id=\"78b90cc8\" data-element_type=\"section\" data-settings=\"{&quot;background_background&quot;:&quot;classic&quot;}\">\n\t\t\t\t\t\t\t<div class=\"elementor-background-overlay\"><\/div>\n\t\t\t\t\t\t\t<div class=\"elementor-container elementor-column-gap-default\">\n\t\t\t\t\t<div class=\"elementor-column elementor-col-50 elementor-top-column elementor-element elementor-element-717ada72\" data-id=\"717ada72\" data-element_type=\"column\" data-settings=\"{&quot;background_background&quot;:&quot;classic&quot;}\">\n\t\t\t<div class=\"elementor-widget-wrap elementor-element-populated\">\n\t\t\t\t\t\t<section class=\"elementor-section elementor-inner-section elementor-element elementor-element-7483ea56 elementor-section-boxed elementor-section-height-default elementor-section-height-default\" data-id=\"7483ea56\" data-element_type=\"section\">\n\t\t\t\t\t\t<div class=\"elementor-container elementor-column-gap-no\">\n\t\t\t\t\t<div class=\"elementor-column elementor-col-100 elementor-inner-column elementor-element elementor-element-ca034a0\" data-id=\"ca034a0\" data-element_type=\"column\" data-settings=\"{&quot;background_background&quot;:&quot;classic&quot;}\">\n\t\t\t<div class=\"elementor-widget-wrap elementor-element-populated\">\n\t\t\t\t\t\t<div class=\"elementor-element elementor-element-6413a7b6 elementor-widget elementor-widget-heading\" data-id=\"6413a7b6\" data-element_type=\"widget\" data-widget_type=\"heading.default\">\n\t\t\t\t\t<h2 class=\"elementor-heading-title elementor-size-default\">MISS\u00c3O<\/h2>\t\t\t\t<\/div>\n\t\t\t\t<div class=\"elementor-element elementor-element-113f3cc9 elementor-widget elementor-widget-text-editor\" data-id=\"113f3cc9\" data-element_type=\"widget\" data-widget_type=\"text-editor.default\">\n\t\t\t\t\t\t\t\t\t<p>Oferecer solu\u00e7\u00f5es em revestimentos de alto desempenho, com excel\u00eancia t\u00e9cnica, seguran\u00e7a e respeito aos prazos, promovendo ambientes mais dur\u00e1veis, eficientes e preparados para os desafios do dia a dia.<\/p>\t\t\t\t\t\t\t\t<\/div>\n\t\t\t\t\t<\/div>\n\t\t<\/div>\n\t\t\t\t\t<\/div>\n\t\t<\/section>\n\t\t\t\t<section class=\"elementor-section elementor-inner-section elementor-element elementor-element-32ea35e3 elementor-section-boxed elementor-section-height-default elementor-section-height-default\" data-id=\"32ea35e3\" data-element_type=\"section\">\n\t\t\t\t\t\t<div class=\"elementor-container elementor-column-gap-no\">\n\t\t\t\t\t<div class=\"elementor-column elementor-col-100 elementor-inner-column elementor-element elementor-element-3759dbcc\" data-id=\"3759dbcc\" data-element_type=\"column\" data-settings=\"{&quot;background_background&quot;:&quot;classic&quot;}\">\n\t\t\t<div class=\"elementor-widget-wrap elementor-element-populated\">\n\t\t\t\t\t\t<div class=\"elementor-element elementor-element-5ec60a2b elementor-widget elementor-widget-heading\" data-id=\"5ec60a2b\" data-element_type=\"widget\" data-widget_type=\"heading.default\">\n\t\t\t\t\t<h2 class=\"elementor-heading-title elementor-size-default\">VIS\u00c3O<\/h2>\t\t\t\t<\/div>\n\t\t\t\t<div class=\"elementor-element elementor-element-3cb57f12 elementor-widget elementor-widget-text-editor\" data-id=\"3cb57f12\" data-element_type=\"widget\" data-widget_type=\"text-editor.default\">\n\t\t\t\t\t\t\t\t\t<p>Ser reconhecida nacionalmente como refer\u00eancia em instala\u00e7\u00e3o de revestimentos, destacando-se pela qualidade na execu\u00e7\u00e3o, inova\u00e7\u00e3o cont\u00ednua e por construir rela\u00e7\u00f5es \u00e9ticas, s\u00f3lidas e duradouras com clientes e parceiros.<\/p>\t\t\t\t\t\t\t\t<\/div>\n\t\t\t\t\t<\/div>\n\t\t<\/div>\n\t\t\t\t\t<\/div>\n\t\t<\/section>\n\t\t\t\t\t<\/div>\n\t\t<\/div>\n\t\t\t\t<div class=\"elementor-column elementor-col-50 elementor-top-column elementor-element elementor-element-2eada3ce\" data-id=\"2eada3ce\" data-element_type=\"column\" data-settings=\"{&quot;background_background&quot;:&quot;classic&quot;}\">\n\t\t\t<div class=\"elementor-widget-wrap elementor-element-populated\">\n\t\t\t\t\t\t<section class=\"elementor-section elementor-inner-section elementor-element elementor-element-49cfef94 elementor-section-boxed elementor-section-height-default elementor-section-height-default\" data-id=\"49cfef94\" data-element_type=\"section\">\n\t\t\t\t\t\t<div class=\"elementor-container elementor-column-gap-no\">\n\t\t\t\t\t<div class=\"elementor-column elementor-col-100 elementor-inner-column elementor-element elementor-element-5a9230ff\" data-id=\"5a9230ff\" data-element_type=\"column\" data-settings=\"{&quot;background_background&quot;:&quot;classic&quot;}\">\n\t\t\t<div class=\"elementor-widget-wrap elementor-element-populated\">\n\t\t\t\t\t\t<div class=\"elementor-element elementor-element-6e9e8533 elementor-widget elementor-widget-heading\" data-id=\"6e9e8533\" data-element_type=\"widget\" data-widget_type=\"heading.default\">\n\t\t\t\t\t<h2 class=\"elementor-heading-title elementor-size-default\">VALORES<\/h2>\t\t\t\t<\/div>\n\t\t\t\t<div class=\"elementor-element elementor-element-6743dc30 elementor-widget elementor-widget-text-editor\" data-id=\"6743dc30\" data-element_type=\"widget\" data-widget_type=\"text-editor.default\">\n\t\t\t\t\t\t\t\t\t<p>\u2022 Excel\u00eancia em tudo o que fazemos<br \/>\u2022 Comprometimento com resultados e prazos<br \/>\u2022 Inova\u00e7\u00e3o como motor de evolu\u00e7\u00e3o<br \/>\u2022 \u00c9tica e transpar\u00eancia em cada etapa<br \/>\u2022 Seguran\u00e7a como prioridade<br \/>\u2022 Sustentabilidade<\/p>\t\t\t\t\t\t\t\t<\/div>\n\t\t\t\t\t<\/div>\n\t\t<\/div>\n\t\t\t\t\t<\/div>\n\t\t<\/section>\n\t\t\t\t\t<\/div>\n\t\t<\/div>\n\t\t\t\t\t<\/div>\n\t\t<\/section>\n\t\t\t\t<\/div>\n\t\t","protected":false},"excerpt":{"rendered":"<p>Somos aRiberPoxi Na RiberP\u00f3xi Pisos Industriais, oferecemos mais do que aplica\u00e7\u00e3o de pisos \u2014 entregamos solu\u00e7\u00f5es completas em revestimentos monol\u00edticos de alto desempenho, com foco em qualidade, durabilidade e efici\u00eancia para ambientes industriais e corporativos. Especializada na aplica\u00e7\u00e3o de sistemas como Ep\u00f3xi e Uretano, nossa atua\u00e7\u00e3o \u00e9 pautada pelo compromisso t\u00e9cnico, aten\u00e7\u00e3o aos detalhes e [&hellip;]<\/p>\n","protected":false},"author":1,"featured_media":0,"parent":0,"menu_order":0,"comment_status":"closed","ping_status":"closed","template":"elementor_header_footer","meta":{"footnotes":""},"class_list":["post-46","page","type-page","status-publish","hentry"],"_links":{"self":[{"href":"https:\/\/riberpoxi.com.br\/index.php\/wp-json\/wp\/v2\/pages\/46","targetHints":{"allow":["GET"]}}],"collection":[{"href":"https:\/\/riberpoxi.com.br\/index.php\/wp-json\/wp\/v2\/pages"}],"about":[{"href":"https:\/\/riberpoxi.com.br\/index.php\/wp-json\/wp\/v2\/types\/page"}],"author":[{"embeddable":true,"href":"https:\/\/riberpoxi.com.br\/index.php\/wp-json\/wp\/v2\/users\/1"}],"replies":[{"embeddable":true,"href":"https:\/\/riberpoxi.com.br\/index.php\/wp-json\/wp\/v2\/comments?post=46"}],"version-history":[{"count":16,"href":"https:\/\/riberpoxi.com.br\/index.php\/wp-json\/wp\/v2\/pages\/46\/revisions"}],"predecessor-version":[{"id":105,"href":"https:\/\/riberpoxi.com.br\/index.php\/wp-json\/wp\/v2\/pages\/46\/revisions\/105"}],"wp:attachment":[{"href":"https:\/\/riberpoxi.com.br\/index.php\/wp-json\/wp\/v2\/media?parent=46"}],"curies":[{"name":"wp","href":"https:\/\/api.w.org\/{rel}","templated":true}]}}